{"id":97,"date":"2023-12-15T17:26:01","date_gmt":"2023-12-15T16:26:01","guid":{"rendered":"https:\/\/taulovstation.dk\/?page_id=97"},"modified":"2023-12-15T18:09:27","modified_gmt":"2023-12-15T17:09:27","slug":"omraadet","status":"publish","type":"page","link":"https:\/\/taulovstation.dk\/?page_id=97","title":{"rendered":"Omr\u00e5det"},"content":{"rendered":"\n<h3 class=\"wp-block-heading is-style-default\">Taulovg\u00e5rd<\/h3>\n\n\n\n<p>Gennem et t\u00e6t samarbejde med ejerne af Taulovg\u00e5rd vil vi udbygge Taulov Stations kulturelle tilbud. Taulovg\u00e5rd, som er placeret lige om hj\u00f8rnet fra stationen i byens historiske kvarter, har en inspirerende g\u00e5rdsplads og store unikt oplevelsesrum, der i sin organisering og samspil vil s\u00e6tte nye rammer for f\u00e6llesskabsmuligheder og nedbryde de begr\u00e6nsede fysiske rammer for Taulov Station og dens muligheder og aktiviteter.<\/p>\n\n\n\n<h3 class=\"wp-block-heading\">Elbodalruten og Taulov Folkeskov<\/h3>\n\n\n\n<p>Den offentligt anlagte vandrerute <a href=\"https:\/\/www.visitfredericia.dk\/turist\/planlaeg-din-tur\/elbodalruten-8-og-10-km-vandrerute-gdk1092611\">Elbodalruten<\/a> g\u00e5r gennem Fredericias st\u00f8rste sammenh\u00e6ngende naturomr\u00e5de, en lang tunneldal formet af istiderne med et rigt fugle- og planteliv. Her yngler isfugle, pungmejser og r\u00f8de glenter, og man kan ogs\u00e5 opleve oddere og den sj\u00e6ldne orkid\u00e9 maj-g\u00f8geurt. <\/p>\n\n\n\n<p>Den nyetablerede <a href=\"https:\/\/www.xn--taulov-skrbk-fdbc.dk\/taulov-folkeskov\" data-type=\"link\" data-id=\"https:\/\/www.xn--taulov-skrbk-fdbc.dk\/taulov-folkeskov\">Taulov Folkeskov<\/a>, der forbinder byen med vandreruten, er i umiddelbar n\u00e6rhed af stationen. Her vil stationens have kunne bruges som afs\u00e6t for vandreture og til rast bagefter.<\/p>\n\n\n\n<h3 class=\"wp-block-heading\">Mekanisk Matematik-Museum<\/h3>\n\n\n\n<p>Nabo til stationsbygningen er den tidligere dyrl\u00e6gebolig, der nu huser verdens eneste dedikerede museum for mekanisk matematik s\u00e5som regnestokke, arithmometre og planimetre. Gennem foredrag og fremvisninger vil ejeren af museet samarbejde med<br>stationen om at tiltr\u00e6kke g\u00e6ster ikke kun fra Taulov, men fra hele landet.<\/p>\n\n\n\n<h3 class=\"wp-block-heading\">\u00d8sters\u00f8ruten<\/h3>\n\n\n\n<p>Cykelturen <a href=\"https:\/\/www.visitdenmark.dk\/danmark\/oplevelser\/x-cykelferie\/n8-oestersoeruten\" data-type=\"link\" data-id=\"https:\/\/www.visitdenmark.dk\/danmark\/oplevelser\/x-cykelferie\/n8-oestersoeruten\">\u00d8sters\u00f8ruten<\/a> g\u00e5r lige forbi Taulov Station, hvor den lille have vil blive en god rasteplads for turister p\u00e5 gennemfart. Stationen vil kunne tilbyde frisk vand og toiletfaciliteter, samt en b\u00e6nk at hvile p\u00e5. \u00d8nsker man at forts\u00e6tte turen med tog, holder DSB lige ved d\u00f8ren.<\/p>\n","protected":false},"excerpt":{"rendered":"<p>Taulovg\u00e5rd Gennem et t\u00e6t samarbejde med ejerne af Taulovg\u00e5rd vil vi udbygge Taulov Stations kulturelle tilbud. Taulovg\u00e5rd, som er placeret lige om hj\u00f8rnet fra stationen i byens historiske kvarter, har en inspirerende g\u00e5rdsplads og store unikt oplevelsesrum, der i sin organisering og samspil vil s\u00e6tte nye rammer for f\u00e6llesskabsmuligheder og nedbryde de begr\u00e6nsede fysiske rammer [&hellip;]<\/p>\n","protected":false},"author":3,"featured_media":0,"parent":7,"menu_order":0,"comment_status":"closed","ping_status":"closed","template":"","meta":{"advanced_seo_description":"","jetpack_seo_html_title":"","jetpack_seo_noindex":false,"footnotes":""},"class_list":["post-97","page","type-page","status-publish","hentry"],"jetpack_sharing_enabled":true,"_links":{"self":[{"href":"https:\/\/taulovstation.dk\/index.php?rest_route=\/wp\/v2\/pages\/97","targetHints":{"allow":["GET"]}}],"collection":[{"href":"https:\/\/taulovstation.dk\/index.php?rest_route=\/wp\/v2\/pages"}],"about":[{"href":"https:\/\/taulovstation.dk\/index.php?rest_route=\/wp\/v2\/types\/page"}],"author":[{"embeddable":true,"href":"https:\/\/taulovstation.dk\/index.php?rest_route=\/wp\/v2\/users\/3"}],"replies":[{"embeddable":true,"href":"https:\/\/taulovstation.dk\/index.php?rest_route=%2Fwp%2Fv2%2Fcomments&post=97"}],"version-history":[{"count":3,"href":"https:\/\/taulovstation.dk\/index.php?rest_route=\/wp\/v2\/pages\/97\/revisions"}],"predecessor-version":[{"id":121,"href":"https:\/\/taulovstation.dk\/index.php?rest_route=\/wp\/v2\/pages\/97\/revisions\/121"}],"up":[{"embeddable":true,"href":"https:\/\/taulovstation.dk\/index.php?rest_route=\/wp\/v2\/pages\/7"}],"wp:attachment":[{"href":"https:\/\/taulovstation.dk\/index.php?rest_route=%2Fwp%2Fv2%2Fmedia&parent=97"}],"curies":[{"name":"wp","href":"https:\/\/api.w.org\/{rel}","templated":true}]}}