{"id":95,"date":"2023-12-15T17:17:05","date_gmt":"2023-12-15T16:17:05","guid":{"rendered":"https:\/\/taulovstation.dk\/?page_id=95"},"modified":"2023-12-15T19:10:40","modified_gmt":"2023-12-15T18:10:40","slug":"historien","status":"publish","type":"page","link":"https:\/\/taulovstation.dk\/?page_id=95","title":{"rendered":"Historien"},"content":{"rendered":"\n<div class=\"wp-block-group alignfull has-accent-background-color has-background has-global-padding is-layout-constrained wp-container-core-group-is-layout-669513ed wp-block-group-is-layout-constrained\" style=\"margin-top:0;margin-bottom:0;padding-top:var(--wp--preset--spacing--50);padding-right:var(--wp--preset--spacing--50);padding-bottom:var(--wp--preset--spacing--50);padding-left:var(--wp--preset--spacing--50)\">\n<div class=\"wp-block-columns alignwide is-layout-flex wp-container-core-columns-is-layout-1da03c2a wp-block-columns-is-layout-flex\">\n<div class=\"wp-block-column is-vertically-aligned-stretch is-layout-flow wp-block-column-is-layout-flow\" style=\"flex-basis:50%\">\n<div class=\"wp-block-group is-vertical is-content-justification-stretch is-layout-flex wp-container-core-group-is-layout-444d5ee8 wp-block-group-is-layout-flex\" style=\"min-height:100%\">\n<p>I Fredericia har vi historien helt t\u00e6t p\u00e5. Vi er heldige at bo eller arbejde et sted, hvor de gode fort\u00e6llinger n\u00e6rmest siver ud af murene, og det ligger os meget p\u00e5 sinde at bevare og dyrke den unikke fortid.<\/p>\n\n\n\n<p>Taulov er Fredericia Kommunes n\u00e6stst\u00f8rste by, hvor b\u00e5de erhvervslivet og borgere flytter til i stor stil, og den centrale placering driver en moderne udvikling til gl\u00e6de<br>for hele kommunen og landsdelen. Men det er vigtigt, at byens identitet, nerve og s\u00e6rpr\u00e6g beskyttes. <\/p>\n\n\n\n<p>Den gamle del af Taulov er af Kulturarvsstyrelsen udn\u00e6vnt som s\u00e5rbart kulturmilj\u00f8: <strong>Taulov Stationsby<\/strong>. Det g\u00e5r fint i tr\u00e5d med kommunens politik at st\u00f8tte op om tiltag, der kan bevare historien, sj\u00e6len og det gode milj\u00f8. Og n\u00e5r kulturmilj\u00f8et netop hedder Taulov Stationsby, s\u00e5 er stationen det \u00e5benlyse vartegn og centrum; da banen og stationen blev anlagt i 1866, bestod Taulov kun af et dusin huse og g\u00e5rde.<\/p>\n\n\n\n<p>Det er derfor ikke overdrevet at sige, at stationen skabte byen, og som s\u00e5dan er kulturmilj\u00f8et et lysende eksempel p\u00e5 1800-tallets industrialisering, og hvordan den formede det Danmark, vi kender i dag.<\/p>\n<\/div>\n<\/div>\n\n\n\n<div class=\"wp-block-column is-vertically-aligned-center is-layout-flow wp-block-column-is-layout-flow\" style=\"flex-basis:50%\">\n<figure class=\"wp-block-image size-large is-resized is-style-rounded is-style-rounded--1\"><img data-recalc-dims=\"1\" loading=\"lazy\" decoding=\"async\" width=\"668\" height=\"1024\" src=\"https:\/\/i0.wp.com\/taulovstation.dk\/wp-content\/uploads\/2023\/12\/1078-postkort_fra_taulov.jpg?resize=668%2C1024&#038;ssl=1\" alt=\"\" class=\"wp-image-153\" style=\"width:323px;height:auto\" srcset=\"https:\/\/i0.wp.com\/taulovstation.dk\/wp-content\/uploads\/2023\/12\/1078-postkort_fra_taulov-scaled.jpg?resize=668%2C1024&amp;ssl=1 668w, https:\/\/i0.wp.com\/taulovstation.dk\/wp-content\/uploads\/2023\/12\/1078-postkort_fra_taulov-scaled.jpg?resize=196%2C300&amp;ssl=1 196w, https:\/\/i0.wp.com\/taulovstation.dk\/wp-content\/uploads\/2023\/12\/1078-postkort_fra_taulov-scaled.jpg?resize=768%2C1177&amp;ssl=1 768w, https:\/\/i0.wp.com\/taulovstation.dk\/wp-content\/uploads\/2023\/12\/1078-postkort_fra_taulov-scaled.jpg?resize=1002%2C1536&amp;ssl=1 1002w, https:\/\/i0.wp.com\/taulovstation.dk\/wp-content\/uploads\/2023\/12\/1078-postkort_fra_taulov-scaled.jpg?resize=1336%2C2048&amp;ssl=1 1336w, https:\/\/i0.wp.com\/taulovstation.dk\/wp-content\/uploads\/2023\/12\/1078-postkort_fra_taulov-scaled.jpg?w=1670&amp;ssl=1 1670w\" sizes=\"auto, (max-width: 668px) 100vw, 668px\" \/><\/figure>\n<\/div>\n<\/div>\n<\/div>\n\n\n\n<div class=\"wp-block-group alignfull has-background is-layout-flow wp-block-group-is-layout-flow\" style=\"background-color:#f2f0e9\">\n<div style=\"height:40px\" aria-hidden=\"true\" class=\"wp-block-spacer\"><\/div>\n\n\n\n<h2 class=\"wp-block-heading has-text-align-center\">Taulovgruppen<\/h2>\n\n\n\n<div class=\"wp-block-columns alignwide is-layout-flex wp-container-core-columns-is-layout-28f84493 wp-block-columns-is-layout-flex\">\n<div class=\"wp-block-column is-layout-flow wp-block-column-is-layout-flow\">\n<p class=\"has-text-align-right has-text-color has-extra-small-font-size\" style=\"color:#000000;padding-top:var(--wp--preset--spacing--30);padding-right:var(--wp--preset--spacing--40);padding-bottom:var(--wp--preset--spacing--30);padding-left:var(--wp--preset--spacing--40)\">Modstandsfolk fra Taulov Station m\u00e5tte under 2. verdenskrig betale den ultimative pris for at bek\u00e6mpe bes\u00e6ttelsen, og ved stationen er en mindelund til Taulovgruppens \u00e6re. Det er ogs\u00e5 en vigtig historie at formidle.<\/p>\n<\/div>\n\n\n\n<div class=\"wp-block-column is-layout-flow wp-block-column-is-layout-flow\">\n<figure class=\"wp-block-gallery has-nested-images columns-default wp-block-gallery-2 is-layout-flex wp-block-gallery-is-layout-flex\">\n<figure data-wp-context=\"{&quot;imageId&quot;:&quot;69e16dabacbc4&quot;}\" data-wp-interactive=\"core\/image\" data-wp-key=\"69e16dabacbc4\" class=\"wp-block-image size-large wp-lightbox-container\"><img data-recalc-dims=\"1\" loading=\"lazy\" decoding=\"async\" width=\"722\" height=\"1024\" data-wp-class--hide=\"state.isContentHidden\" data-wp-class--show=\"state.isContentVisible\" data-wp-init=\"callbacks.setButtonStyles\" data-wp-on--click=\"actions.showLightbox\" data-wp-on--load=\"callbacks.setButtonStyles\" data-wp-on-window--resize=\"callbacks.setButtonStyles\" data-id=\"150\" src=\"https:\/\/i0.wp.com\/taulovstation.dk\/wp-content\/uploads\/2023\/12\/1035-Ole-Christensen-Fredericia.jpg?resize=722%2C1024&#038;ssl=1\" alt=\"\" class=\"wp-image-150\" srcset=\"https:\/\/i0.wp.com\/taulovstation.dk\/wp-content\/uploads\/2023\/12\/1035-Ole-Christensen-Fredericia.jpg?resize=722%2C1024&amp;ssl=1 722w, https:\/\/i0.wp.com\/taulovstation.dk\/wp-content\/uploads\/2023\/12\/1035-Ole-Christensen-Fredericia.jpg?resize=211%2C300&amp;ssl=1 211w, https:\/\/i0.wp.com\/taulovstation.dk\/wp-content\/uploads\/2023\/12\/1035-Ole-Christensen-Fredericia.jpg?resize=768%2C1090&amp;ssl=1 768w, https:\/\/i0.wp.com\/taulovstation.dk\/wp-content\/uploads\/2023\/12\/1035-Ole-Christensen-Fredericia.jpg?w=960&amp;ssl=1 960w\" sizes=\"auto, (max-width: 722px) 100vw, 722px\" \/><button\n\t\t\tclass=\"lightbox-trigger\"\n\t\t\ttype=\"button\"\n\t\t\taria-haspopup=\"dialog\"\n\t\t\taria-label=\"Forst\u00f8r\"\n\t\t\tdata-wp-init=\"callbacks.initTriggerButton\"\n\t\t\tdata-wp-on--click=\"actions.showLightbox\"\n\t\t\tdata-wp-style--right=\"state.imageButtonRight\"\n\t\t\tdata-wp-style--top=\"state.imageButtonTop\"\n\t\t>\n\t\t\t<svg xmlns=\"http:\/\/www.w3.org\/2000\/svg\" width=\"12\" height=\"12\" fill=\"none\" viewBox=\"0 0 12 12\">\n\t\t\t\t<path fill=\"#fff\" d=\"M2 0a2 2 0 0 0-2 2v2h1.5V2a.5.5 0 0 1 .5-.5h2V0H2Zm2 10.5H2a.5.5 0 0 1-.5-.5V8H0v2a2 2 0 0 0 2 2h2v-1.5ZM8 12v-1.5h2a.5.5 0 0 0 .5-.5V8H12v2a2 2 0 0 1-2 2H8Zm2-12a2 2 0 0 1 2 2v2h-1.5V2a.5.5 0 0 0-.5-.5H8V0h2Z\" \/>\n\t\t\t<\/svg>\n\t\t<\/button><\/figure>\n\n\n\n<figure data-wp-context=\"{&quot;imageId&quot;:&quot;69e16dabacf92&quot;}\" data-wp-interactive=\"core\/image\" data-wp-key=\"69e16dabacf92\" class=\"wp-block-image size-large wp-lightbox-container\"><img data-recalc-dims=\"1\" loading=\"lazy\" decoding=\"async\" width=\"832\" height=\"1024\" data-wp-class--hide=\"state.isContentHidden\" data-wp-class--show=\"state.isContentVisible\" data-wp-init=\"callbacks.setButtonStyles\" data-wp-on--click=\"actions.showLightbox\" data-wp-on--load=\"callbacks.setButtonStyles\" data-wp-on-window--resize=\"callbacks.setButtonStyles\" data-id=\"149\" src=\"https:\/\/i0.wp.com\/taulovstation.dk\/wp-content\/uploads\/2023\/12\/1034-Karl-Gustav-Kolding-Taulov.jpg?resize=832%2C1024&#038;ssl=1\" alt=\"\" class=\"wp-image-149\" srcset=\"https:\/\/i0.wp.com\/taulovstation.dk\/wp-content\/uploads\/2023\/12\/1034-Karl-Gustav-Kolding-Taulov.jpg?resize=832%2C1024&amp;ssl=1 832w, https:\/\/i0.wp.com\/taulovstation.dk\/wp-content\/uploads\/2023\/12\/1034-Karl-Gustav-Kolding-Taulov.jpg?resize=244%2C300&amp;ssl=1 244w, https:\/\/i0.wp.com\/taulovstation.dk\/wp-content\/uploads\/2023\/12\/1034-Karl-Gustav-Kolding-Taulov.jpg?resize=768%2C946&amp;ssl=1 768w, https:\/\/i0.wp.com\/taulovstation.dk\/wp-content\/uploads\/2023\/12\/1034-Karl-Gustav-Kolding-Taulov.jpg?w=960&amp;ssl=1 960w\" sizes=\"auto, (max-width: 832px) 100vw, 832px\" \/><button\n\t\t\tclass=\"lightbox-trigger\"\n\t\t\ttype=\"button\"\n\t\t\taria-haspopup=\"dialog\"\n\t\t\taria-label=\"Forst\u00f8r\"\n\t\t\tdata-wp-init=\"callbacks.initTriggerButton\"\n\t\t\tdata-wp-on--click=\"actions.showLightbox\"\n\t\t\tdata-wp-style--right=\"state.imageButtonRight\"\n\t\t\tdata-wp-style--top=\"state.imageButtonTop\"\n\t\t>\n\t\t\t<svg xmlns=\"http:\/\/www.w3.org\/2000\/svg\" width=\"12\" height=\"12\" fill=\"none\" viewBox=\"0 0 12 12\">\n\t\t\t\t<path fill=\"#fff\" d=\"M2 0a2 2 0 0 0-2 2v2h1.5V2a.5.5 0 0 1 .5-.5h2V0H2Zm2 10.5H2a.5.5 0 0 1-.5-.5V8H0v2a2 2 0 0 0 2 2h2v-1.5ZM8 12v-1.5h2a.5.5 0 0 0 .5-.5V8H12v2a2 2 0 0 1-2 2H8Zm2-12a2 2 0 0 1 2 2v2h-1.5V2a.5.5 0 0 0-.5-.5H8V0h2Z\" \/>\n\t\t\t<\/svg>\n\t\t<\/button><\/figure>\n\n\n\n<figure data-wp-context=\"{&quot;imageId&quot;:&quot;69e16dabad2ba&quot;}\" data-wp-interactive=\"core\/image\" data-wp-key=\"69e16dabad2ba\" class=\"wp-block-image size-large wp-lightbox-container\"><img data-recalc-dims=\"1\" loading=\"lazy\" decoding=\"async\" width=\"717\" height=\"1024\" data-wp-class--hide=\"state.isContentHidden\" data-wp-class--show=\"state.isContentVisible\" data-wp-init=\"callbacks.setButtonStyles\" data-wp-on--click=\"actions.showLightbox\" data-wp-on--load=\"callbacks.setButtonStyles\" data-wp-on-window--resize=\"callbacks.setButtonStyles\" data-id=\"148\" src=\"https:\/\/i0.wp.com\/taulovstation.dk\/wp-content\/uploads\/2023\/12\/1033-Henry-Jacobsen-Taulov.jpg?resize=717%2C1024&#038;ssl=1\" alt=\"\" class=\"wp-image-148\" srcset=\"https:\/\/i0.wp.com\/taulovstation.dk\/wp-content\/uploads\/2023\/12\/1033-Henry-Jacobsen-Taulov.jpg?resize=717%2C1024&amp;ssl=1 717w, https:\/\/i0.wp.com\/taulovstation.dk\/wp-content\/uploads\/2023\/12\/1033-Henry-Jacobsen-Taulov.jpg?resize=210%2C300&amp;ssl=1 210w, https:\/\/i0.wp.com\/taulovstation.dk\/wp-content\/uploads\/2023\/12\/1033-Henry-Jacobsen-Taulov.jpg?resize=768%2C1097&amp;ssl=1 768w, https:\/\/i0.wp.com\/taulovstation.dk\/wp-content\/uploads\/2023\/12\/1033-Henry-Jacobsen-Taulov.jpg?w=960&amp;ssl=1 960w\" sizes=\"auto, (max-width: 717px) 100vw, 717px\" \/><button\n\t\t\tclass=\"lightbox-trigger\"\n\t\t\ttype=\"button\"\n\t\t\taria-haspopup=\"dialog\"\n\t\t\taria-label=\"Forst\u00f8r\"\n\t\t\tdata-wp-init=\"callbacks.initTriggerButton\"\n\t\t\tdata-wp-on--click=\"actions.showLightbox\"\n\t\t\tdata-wp-style--right=\"state.imageButtonRight\"\n\t\t\tdata-wp-style--top=\"state.imageButtonTop\"\n\t\t>\n\t\t\t<svg xmlns=\"http:\/\/www.w3.org\/2000\/svg\" width=\"12\" height=\"12\" fill=\"none\" viewBox=\"0 0 12 12\">\n\t\t\t\t<path fill=\"#fff\" d=\"M2 0a2 2 0 0 0-2 2v2h1.5V2a.5.5 0 0 1 .5-.5h2V0H2Zm2 10.5H2a.5.5 0 0 1-.5-.5V8H0v2a2 2 0 0 0 2 2h2v-1.5ZM8 12v-1.5h2a.5.5 0 0 0 .5-.5V8H12v2a2 2 0 0 1-2 2H8Zm2-12a2 2 0 0 1 2 2v2h-1.5V2a.5.5 0 0 0-.5-.5H8V0h2Z\" \/>\n\t\t\t<\/svg>\n\t\t<\/button><\/figure>\n<\/figure>\n<\/div>\n<\/div>\n\n\n\n<div style=\"height:40px\" aria-hidden=\"true\" class=\"wp-block-spacer\"><\/div>\n<\/div>\n","protected":false},"excerpt":{"rendered":"<p>I Fredericia har vi historien helt t\u00e6t p\u00e5. Vi er heldige at bo eller arbejde et sted, hvor de gode fort\u00e6llinger n\u00e6rmest siver ud af murene, og det ligger os meget p\u00e5 sinde at bevare og dyrke den unikke fortid. Taulov er Fredericia Kommunes n\u00e6stst\u00f8rste by, hvor b\u00e5de erhvervslivet og borgere flytter til i stor [&hellip;]<\/p>\n","protected":false},"author":3,"featured_media":0,"parent":7,"menu_order":0,"comment_status":"closed","ping_status":"closed","template":"","meta":{"advanced_seo_description":"","jetpack_seo_html_title":"","jetpack_seo_noindex":false,"footnotes":""},"class_list":["post-95","page","type-page","status-publish","hentry"],"jetpack_sharing_enabled":true,"_links":{"self":[{"href":"https:\/\/taulovstation.dk\/index.php?rest_route=\/wp\/v2\/pages\/95","targetHints":{"allow":["GET"]}}],"collection":[{"href":"https:\/\/taulovstation.dk\/index.php?rest_route=\/wp\/v2\/pages"}],"about":[{"href":"https:\/\/taulovstation.dk\/index.php?rest_route=\/wp\/v2\/types\/page"}],"author":[{"embeddable":true,"href":"https:\/\/taulovstation.dk\/index.php?rest_route=\/wp\/v2\/users\/3"}],"replies":[{"embeddable":true,"href":"https:\/\/taulovstation.dk\/index.php?rest_route=%2Fwp%2Fv2%2Fcomments&post=95"}],"version-history":[{"count":8,"href":"https:\/\/taulovstation.dk\/index.php?rest_route=\/wp\/v2\/pages\/95\/revisions"}],"predecessor-version":[{"id":169,"href":"https:\/\/taulovstation.dk\/index.php?rest_route=\/wp\/v2\/pages\/95\/revisions\/169"}],"up":[{"embeddable":true,"href":"https:\/\/taulovstation.dk\/index.php?rest_route=\/wp\/v2\/pages\/7"}],"wp:attachment":[{"href":"https:\/\/taulovstation.dk\/index.php?rest_route=%2Fwp%2Fv2%2Fmedia&parent=95"}],"curies":[{"name":"wp","href":"https:\/\/api.w.org\/{rel}","templated":true}]}}