{"id":86,"date":"2023-12-15T17:00:11","date_gmt":"2023-12-15T16:00:11","guid":{"rendered":"https:\/\/taulovstation.dk\/?page_id=86"},"modified":"2025-05-22T10:05:02","modified_gmt":"2025-05-22T09:05:02","slug":"foreningen","status":"publish","type":"page","link":"https:\/\/taulovstation.dk\/?page_id=86","title":{"rendered":"Foreningen Taulov Station"},"content":{"rendered":"\n<figure class=\"wp-block-image size-full\"><img data-recalc-dims=\"1\" loading=\"lazy\" decoding=\"async\" width=\"298\" height=\"120\" src=\"https:\/\/i0.wp.com\/taulovstation.dk\/wp-content\/uploads\/2023\/11\/logo.png?resize=298%2C120&#038;ssl=1\" alt=\"\" class=\"wp-image-14\"\/><\/figure>\n\n\n\n<p>Foreningen har til form\u00e5l at etablere og drive et kultur- og f\u00e6lleshus i bygningen Taulov Station. Huset skal fungere som et f\u00e6lles samlingspunkt for kultur- og fritidsaktiviteter, til gavn for borgere, foreninger og andre i Taulov og omegn.<\/p>\n\n\n\n<p><a href=\"https:\/\/taulovstation.dk\/wp-content\/uploads\/2023\/12\/Foreningen-Taulov-Station-Vedtaegter-vedtaget-paa-generalforsamlingen-2023-03-20.pdf\" data-type=\"attachment\" data-id=\"88\" target=\"_blank\" rel=\"noreferrer noopener\">Vedt\u00e6gter<\/a><\/p>\n\n\n\n<h3 class=\"wp-block-heading\"><strong>Bestyrelsen<\/strong><\/h3>\n\n\n\n<ul class=\"wp-block-list\">\n<li>Formand: Jan Schoubo <\/li>\n\n\n\n<li>N\u00e6stformand: Helle Bossow<\/li>\n\n\n\n<li>Kasserer: Trine Moustgaard<\/li>\n\n\n\n<li>Webmaster: Cheri Darnell<\/li>\n\n\n\n<li>Bestyrelsesmedlemmer:\n<ul class=\"wp-block-list\">\n<li>Mads Skovsende Nielsen<\/li>\n\n\n\n<li>Marianne Holm<\/li>\n<\/ul>\n<\/li>\n<\/ul>\n\n\n\n<p>Bestyrelsen m\u00f8des ca. 20 gange \u00e5rligt, hvor alle foreningsmedlemmer og andre interesserede er velkomne til at deltage.<\/p>\n\n\n\n<p class=\"has-large-font-size\"><strong>Kontakt  Jan Schoubo &nbsp;tlf. 25 75 51 80<\/strong><\/p>\n\n\n\n<p class=\"has-large-font-size\">Mail: taulovstation@gmail.com<\/p>\n","protected":false},"excerpt":{"rendered":"<p>Foreningen har til form\u00e5l at etablere og drive et kultur- og f\u00e6lleshus i bygningen Taulov Station. Huset skal fungere som et f\u00e6lles samlingspunkt for kultur- og fritidsaktiviteter, til gavn for borgere, foreninger og andre i Taulov og omegn. Vedt\u00e6gter Bestyrelsen Bestyrelsen m\u00f8des ca. 20 gange \u00e5rligt, hvor alle foreningsmedlemmer og andre interesserede er velkomne til [&hellip;]<\/p>\n","protected":false},"author":3,"featured_media":0,"parent":0,"menu_order":0,"comment_status":"closed","ping_status":"closed","template":"","meta":{"advanced_seo_description":"","jetpack_seo_html_title":"","jetpack_seo_noindex":false,"footnotes":""},"class_list":["post-86","page","type-page","status-publish","hentry"],"jetpack_sharing_enabled":true,"_links":{"self":[{"href":"https:\/\/taulovstation.dk\/index.php?rest_route=\/wp\/v2\/pages\/86","targetHints":{"allow":["GET"]}}],"collection":[{"href":"https:\/\/taulovstation.dk\/index.php?rest_route=\/wp\/v2\/pages"}],"about":[{"href":"https:\/\/taulovstation.dk\/index.php?rest_route=\/wp\/v2\/types\/page"}],"author":[{"embeddable":true,"href":"https:\/\/taulovstation.dk\/index.php?rest_route=\/wp\/v2\/users\/3"}],"replies":[{"embeddable":true,"href":"https:\/\/taulovstation.dk\/index.php?rest_route=%2Fwp%2Fv2%2Fcomments&post=86"}],"version-history":[{"count":16,"href":"https:\/\/taulovstation.dk\/index.php?rest_route=\/wp\/v2\/pages\/86\/revisions"}],"predecessor-version":[{"id":241,"href":"https:\/\/taulovstation.dk\/index.php?rest_route=\/wp\/v2\/pages\/86\/revisions\/241"}],"wp:attachment":[{"href":"https:\/\/taulovstation.dk\/index.php?rest_route=%2Fwp%2Fv2%2Fmedia&parent=86"}],"curies":[{"name":"wp","href":"https:\/\/api.w.org\/{rel}","templated":true}]}}