{"id":7,"date":"2023-11-05T13:31:12","date_gmt":"2023-11-05T13:31:12","guid":{"rendered":"https:\/\/taulovstation.dk\/?page_id=7"},"modified":"2025-03-27T10:12:11","modified_gmt":"2025-03-27T09:12:11","slug":"taulovstation-dk","status":"publish","type":"page","link":"https:\/\/taulovstation.dk\/","title":{"rendered":"Taulov Station som kultur- og foreningshus"},"content":{"rendered":"\n<h4 class=\"wp-block-heading\">Den ikoniske DSB-bygning skal have et nyt liv som kultur- og foreningshus for alle i Taulov og omegn. <\/h4>\n\n\n\n<blockquote class=\"wp-block-quote is-style-default has-base-color has-contrast-background-color has-text-color has-background has-link-color wp-elements-c7f4d157d128ba90e2a66b6cf6fdca47 is-layout-flow wp-block-quote-is-layout-flow\" style=\"font-size:clamp(1.172rem, 1.172rem + ((1vw - 0.2rem) * 1.13), 1.85rem);\">\n<p><em>&#8220;Man kan kun bifalde den smukke ambition om, at Taulov Station bliver et levende hus med lys i vinduerne \u00e5ret rundt. <\/em><\/p>\n\n\n\n<p>Som huset har v\u00e6ret et knudepunkt for transport og byudvikling siden midten af 1800-tallet, binder den respektfulde nyfortolkning af \u201cknudepunkt\u201d p\u00e5 forbilledlig vis fortid, nutid og fremtid sammen. <\/p>\n\n\n\n<p>Foreningen Taulov Station og dens projekt har vundet kommunens \u2013 og min personlige \u2013 respekt, ikke mindst fordi det er b\u00e5ret af lokale kr\u00e6fter. Det g\u00e6lder b\u00e5de ved at skaffe midler til at erhverve stationsbygningen og ved den store lokale opbakning blandt borgerne om at lade den bevaringsv\u00e6rdige bygning best\u00e5 og f\u00e5 nye funktioner.<\/p>\n\n\n\n<p><em>Det vil skabe nyt liv, gl\u00e6de og tryghed for hele omegnen at lade stationen genopst\u00e5 med tilbud om kultur, socialt samv\u00e6r og viden \u2013 til gl\u00e6de for borgernes interesser og livskvalitet \u2013 og dermed bidrage til den samlede kulturelle mangfoldighed i Fredericia Kommune \u2013 et godt sted at bo.&#8221;<\/em><\/p>\n\n\n\n<p class=\"has-text-align-right has-medium-font-size\"><strong>Steen Wrist<\/strong> (A)<br>Borgmester, Fredericia Kommune<\/p>\n<\/blockquote>\n\n\n\n<figure class=\"wp-block-gallery has-nested-images columns-3 is-cropped wp-block-gallery-7 is-layout-flex wp-block-gallery-is-layout-flex\">\n<figure data-wp-context=\"{&quot;imageId&quot;:&quot;69fb30cf8b01a&quot;}\" data-wp-interactive=\"core\/image\" data-wp-key=\"69fb30cf8b01a\" class=\"wp-block-image size-large is-style-rounded is-style-rounded--1 wp-lightbox-container\"><img data-recalc-dims=\"1\" loading=\"lazy\" decoding=\"async\" width=\"640\" height=\"1024\" data-wp-class--hide=\"state.isContentHidden\" data-wp-class--show=\"state.isContentVisible\" data-wp-init=\"callbacks.setButtonStyles\" data-wp-on--click=\"actions.showLightbox\" data-wp-on--load=\"callbacks.setButtonStyles\" data-wp-on-window--resize=\"callbacks.setButtonStyles\" data-id=\"160\" src=\"https:\/\/i0.wp.com\/taulovstation.dk\/wp-content\/uploads\/2023\/12\/1043-stationen_ubetjent_Stationsforstander-Andersen-v-billetlugen_ca1975.png?resize=640%2C1024&#038;ssl=1\" alt=\"MZ 1406 tog 390 til Es i Taulov\" class=\"wp-image-160\" srcset=\"https:\/\/i0.wp.com\/taulovstation.dk\/wp-content\/uploads\/2023\/12\/1043-stationen_ubetjent_Stationsforstander-Andersen-v-billetlugen_ca1975.png?resize=640%2C1024&amp;ssl=1 640w, https:\/\/i0.wp.com\/taulovstation.dk\/wp-content\/uploads\/2023\/12\/1043-stationen_ubetjent_Stationsforstander-Andersen-v-billetlugen_ca1975.png?resize=188%2C300&amp;ssl=1 188w, https:\/\/i0.wp.com\/taulovstation.dk\/wp-content\/uploads\/2023\/12\/1043-stationen_ubetjent_Stationsforstander-Andersen-v-billetlugen_ca1975.png?resize=768%2C1228&amp;ssl=1 768w, https:\/\/i0.wp.com\/taulovstation.dk\/wp-content\/uploads\/2023\/12\/1043-stationen_ubetjent_Stationsforstander-Andersen-v-billetlugen_ca1975.png?resize=960%2C1536&amp;ssl=1 960w, https:\/\/i0.wp.com\/taulovstation.dk\/wp-content\/uploads\/2023\/12\/1043-stationen_ubetjent_Stationsforstander-Andersen-v-billetlugen_ca1975.png?resize=1280%2C2048&amp;ssl=1 1280w, https:\/\/i0.wp.com\/taulovstation.dk\/wp-content\/uploads\/2023\/12\/1043-stationen_ubetjent_Stationsforstander-Andersen-v-billetlugen_ca1975.png?w=2000&amp;ssl=1 2000w\" sizes=\"auto, (max-width: 640px) 100vw, 640px\" \/><button\n\t\t\tclass=\"lightbox-trigger\"\n\t\t\ttype=\"button\"\n\t\t\taria-haspopup=\"dialog\"\n\t\t\taria-label=\"Forst\u00f8r\"\n\t\t\tdata-wp-init=\"callbacks.initTriggerButton\"\n\t\t\tdata-wp-on--click=\"actions.showLightbox\"\n\t\t\tdata-wp-style--right=\"state.imageButtonRight\"\n\t\t\tdata-wp-style--top=\"state.imageButtonTop\"\n\t\t>\n\t\t\t<svg xmlns=\"http:\/\/www.w3.org\/2000\/svg\" width=\"12\" height=\"12\" fill=\"none\" viewBox=\"0 0 12 12\">\n\t\t\t\t<path fill=\"#fff\" d=\"M2 0a2 2 0 0 0-2 2v2h1.5V2a.5.5 0 0 1 .5-.5h2V0H2Zm2 10.5H2a.5.5 0 0 1-.5-.5V8H0v2a2 2 0 0 0 2 2h2v-1.5ZM8 12v-1.5h2a.5.5 0 0 0 .5-.5V8H12v2a2 2 0 0 1-2 2H8Zm2-12a2 2 0 0 1 2 2v2h-1.5V2a.5.5 0 0 0-.5-.5H8V0h2Z\" \/>\n\t\t\t<\/svg>\n\t\t<\/button><\/figure>\n\n\n\n<figure data-wp-context=\"{&quot;imageId&quot;:&quot;69fb30cf8b81a&quot;}\" data-wp-interactive=\"core\/image\" data-wp-key=\"69fb30cf8b81a\" class=\"wp-block-image size-large is-style-rounded is-style-rounded--2 wp-lightbox-container\"><img data-recalc-dims=\"1\" loading=\"lazy\" decoding=\"async\" width=\"1024\" height=\"665\" data-wp-class--hide=\"state.isContentHidden\" data-wp-class--show=\"state.isContentVisible\" data-wp-init=\"callbacks.setButtonStyles\" data-wp-on--click=\"actions.showLightbox\" data-wp-on--load=\"callbacks.setButtonStyles\" data-wp-on-window--resize=\"callbacks.setButtonStyles\" data-id=\"155\" src=\"https:\/\/i0.wp.com\/taulovstation.dk\/wp-content\/uploads\/2023\/12\/1007-taulov_stationspladsen_lokomotiv_ca1954.jpg?resize=1024%2C665&#038;ssl=1\" alt=\"\" class=\"wp-image-155\" srcset=\"https:\/\/i0.wp.com\/taulovstation.dk\/wp-content\/uploads\/2023\/12\/1007-taulov_stationspladsen_lokomotiv_ca1954.jpg?resize=1024%2C665&amp;ssl=1 1024w, https:\/\/i0.wp.com\/taulovstation.dk\/wp-content\/uploads\/2023\/12\/1007-taulov_stationspladsen_lokomotiv_ca1954.jpg?resize=300%2C195&amp;ssl=1 300w, https:\/\/i0.wp.com\/taulovstation.dk\/wp-content\/uploads\/2023\/12\/1007-taulov_stationspladsen_lokomotiv_ca1954.jpg?resize=768%2C499&amp;ssl=1 768w, https:\/\/i0.wp.com\/taulovstation.dk\/wp-content\/uploads\/2023\/12\/1007-taulov_stationspladsen_lokomotiv_ca1954.jpg?resize=1536%2C997&amp;ssl=1 1536w, https:\/\/i0.wp.com\/taulovstation.dk\/wp-content\/uploads\/2023\/12\/1007-taulov_stationspladsen_lokomotiv_ca1954.jpg?w=2002&amp;ssl=1 2002w\" sizes=\"auto, (max-width: 1000px) 100vw, 1000px\" \/><button\n\t\t\tclass=\"lightbox-trigger\"\n\t\t\ttype=\"button\"\n\t\t\taria-haspopup=\"dialog\"\n\t\t\taria-label=\"Forst\u00f8r\"\n\t\t\tdata-wp-init=\"callbacks.initTriggerButton\"\n\t\t\tdata-wp-on--click=\"actions.showLightbox\"\n\t\t\tdata-wp-style--right=\"state.imageButtonRight\"\n\t\t\tdata-wp-style--top=\"state.imageButtonTop\"\n\t\t>\n\t\t\t<svg xmlns=\"http:\/\/www.w3.org\/2000\/svg\" width=\"12\" height=\"12\" fill=\"none\" viewBox=\"0 0 12 12\">\n\t\t\t\t<path fill=\"#fff\" d=\"M2 0a2 2 0 0 0-2 2v2h1.5V2a.5.5 0 0 1 .5-.5h2V0H2Zm2 10.5H2a.5.5 0 0 1-.5-.5V8H0v2a2 2 0 0 0 2 2h2v-1.5ZM8 12v-1.5h2a.5.5 0 0 0 .5-.5V8H12v2a2 2 0 0 1-2 2H8Zm2-12a2 2 0 0 1 2 2v2h-1.5V2a.5.5 0 0 0-.5-.5H8V0h2Z\" \/>\n\t\t\t<\/svg>\n\t\t<\/button><\/figure>\n\n\n\n<figure data-wp-context=\"{&quot;imageId&quot;:&quot;69fb30cf8bf5e&quot;}\" data-wp-interactive=\"core\/image\" data-wp-key=\"69fb30cf8bf5e\" class=\"wp-block-image size-large is-style-rounded is-style-rounded--3 wp-lightbox-container\"><img data-recalc-dims=\"1\" loading=\"lazy\" decoding=\"async\" width=\"1024\" height=\"695\" data-wp-class--hide=\"state.isContentHidden\" data-wp-class--show=\"state.isContentVisible\" data-wp-init=\"callbacks.setButtonStyles\" data-wp-on--click=\"actions.showLightbox\" data-wp-on--load=\"callbacks.setButtonStyles\" data-wp-on-window--resize=\"callbacks.setButtonStyles\" data-id=\"156\" src=\"https:\/\/i0.wp.com\/taulovstation.dk\/wp-content\/uploads\/2023\/12\/1058-taulov_overskaering_luftfoto_1950.jpg?resize=1024%2C695&#038;ssl=1\" alt=\"\" class=\"wp-image-156\" srcset=\"https:\/\/i0.wp.com\/taulovstation.dk\/wp-content\/uploads\/2023\/12\/1058-taulov_overskaering_luftfoto_1950-scaled.jpg?resize=1024%2C695&amp;ssl=1 1024w, https:\/\/i0.wp.com\/taulovstation.dk\/wp-content\/uploads\/2023\/12\/1058-taulov_overskaering_luftfoto_1950-scaled.jpg?resize=300%2C204&amp;ssl=1 300w, https:\/\/i0.wp.com\/taulovstation.dk\/wp-content\/uploads\/2023\/12\/1058-taulov_overskaering_luftfoto_1950-scaled.jpg?resize=768%2C521&amp;ssl=1 768w, https:\/\/i0.wp.com\/taulovstation.dk\/wp-content\/uploads\/2023\/12\/1058-taulov_overskaering_luftfoto_1950-scaled.jpg?resize=1536%2C1043&amp;ssl=1 1536w, https:\/\/i0.wp.com\/taulovstation.dk\/wp-content\/uploads\/2023\/12\/1058-taulov_overskaering_luftfoto_1950-scaled.jpg?resize=2048%2C1390&amp;ssl=1 2048w\" sizes=\"auto, (max-width: 1000px) 100vw, 1000px\" \/><button\n\t\t\tclass=\"lightbox-trigger\"\n\t\t\ttype=\"button\"\n\t\t\taria-haspopup=\"dialog\"\n\t\t\taria-label=\"Forst\u00f8r\"\n\t\t\tdata-wp-init=\"callbacks.initTriggerButton\"\n\t\t\tdata-wp-on--click=\"actions.showLightbox\"\n\t\t\tdata-wp-style--right=\"state.imageButtonRight\"\n\t\t\tdata-wp-style--top=\"state.imageButtonTop\"\n\t\t>\n\t\t\t<svg xmlns=\"http:\/\/www.w3.org\/2000\/svg\" width=\"12\" height=\"12\" fill=\"none\" viewBox=\"0 0 12 12\">\n\t\t\t\t<path fill=\"#fff\" d=\"M2 0a2 2 0 0 0-2 2v2h1.5V2a.5.5 0 0 1 .5-.5h2V0H2Zm2 10.5H2a.5.5 0 0 1-.5-.5V8H0v2a2 2 0 0 0 2 2h2v-1.5ZM8 12v-1.5h2a.5.5 0 0 0 .5-.5V8H12v2a2 2 0 0 1-2 2H8Zm2-12a2 2 0 0 1 2 2v2h-1.5V2a.5.5 0 0 0-.5-.5H8V0h2Z\" \/>\n\t\t\t<\/svg>\n\t\t<\/button><\/figure>\n\n\n\n<figure data-wp-context=\"{&quot;imageId&quot;:&quot;69fb30cf8c6af&quot;}\" data-wp-interactive=\"core\/image\" data-wp-key=\"69fb30cf8c6af\" class=\"wp-block-image size-large is-style-rounded is-style-rounded--4 wp-lightbox-container\"><img data-recalc-dims=\"1\" loading=\"lazy\" decoding=\"async\" width=\"1024\" height=\"641\" data-wp-class--hide=\"state.isContentHidden\" data-wp-class--show=\"state.isContentVisible\" data-wp-init=\"callbacks.setButtonStyles\" data-wp-on--click=\"actions.showLightbox\" data-wp-on--load=\"callbacks.setButtonStyles\" data-wp-on-window--resize=\"callbacks.setButtonStyles\" data-id=\"161\" src=\"https:\/\/i0.wp.com\/taulovstation.dk\/wp-content\/uploads\/2023\/12\/1098-MZ-1406-tog-390-til-Es-i-Taulov.jpg?resize=1024%2C641&#038;ssl=1\" alt=\"\" class=\"wp-image-161\" srcset=\"https:\/\/i0.wp.com\/taulovstation.dk\/wp-content\/uploads\/2023\/12\/1098-MZ-1406-tog-390-til-Es-i-Taulov-scaled.jpg?resize=1024%2C641&amp;ssl=1 1024w, https:\/\/i0.wp.com\/taulovstation.dk\/wp-content\/uploads\/2023\/12\/1098-MZ-1406-tog-390-til-Es-i-Taulov-scaled.jpg?resize=300%2C188&amp;ssl=1 300w, https:\/\/i0.wp.com\/taulovstation.dk\/wp-content\/uploads\/2023\/12\/1098-MZ-1406-tog-390-til-Es-i-Taulov-scaled.jpg?resize=768%2C481&amp;ssl=1 768w, https:\/\/i0.wp.com\/taulovstation.dk\/wp-content\/uploads\/2023\/12\/1098-MZ-1406-tog-390-til-Es-i-Taulov-scaled.jpg?resize=1536%2C962&amp;ssl=1 1536w, https:\/\/i0.wp.com\/taulovstation.dk\/wp-content\/uploads\/2023\/12\/1098-MZ-1406-tog-390-til-Es-i-Taulov-scaled.jpg?resize=2048%2C1282&amp;ssl=1 2048w\" sizes=\"auto, (max-width: 1000px) 100vw, 1000px\" \/><button\n\t\t\tclass=\"lightbox-trigger\"\n\t\t\ttype=\"button\"\n\t\t\taria-haspopup=\"dialog\"\n\t\t\taria-label=\"Forst\u00f8r\"\n\t\t\tdata-wp-init=\"callbacks.initTriggerButton\"\n\t\t\tdata-wp-on--click=\"actions.showLightbox\"\n\t\t\tdata-wp-style--right=\"state.imageButtonRight\"\n\t\t\tdata-wp-style--top=\"state.imageButtonTop\"\n\t\t>\n\t\t\t<svg xmlns=\"http:\/\/www.w3.org\/2000\/svg\" width=\"12\" height=\"12\" fill=\"none\" viewBox=\"0 0 12 12\">\n\t\t\t\t<path fill=\"#fff\" d=\"M2 0a2 2 0 0 0-2 2v2h1.5V2a.5.5 0 0 1 .5-.5h2V0H2Zm2 10.5H2a.5.5 0 0 1-.5-.5V8H0v2a2 2 0 0 0 2 2h2v-1.5ZM8 12v-1.5h2a.5.5 0 0 0 .5-.5V8H12v2a2 2 0 0 1-2 2H8Zm2-12a2 2 0 0 1 2 2v2h-1.5V2a.5.5 0 0 0-.5-.5H8V0h2Z\" \/>\n\t\t\t<\/svg>\n\t\t<\/button><\/figure>\n\n\n\n<figure data-wp-context=\"{&quot;imageId&quot;:&quot;69fb30cf8ce3c&quot;}\" data-wp-interactive=\"core\/image\" data-wp-key=\"69fb30cf8ce3c\" class=\"wp-block-image size-large is-style-rounded wp-duotone-unset-6 is-style-rounded--5 wp-lightbox-container\"><img data-recalc-dims=\"1\" loading=\"lazy\" decoding=\"async\" width=\"1018\" height=\"1024\" data-wp-class--hide=\"state.isContentHidden\" data-wp-class--show=\"state.isContentVisible\" data-wp-init=\"callbacks.setButtonStyles\" data-wp-on--click=\"actions.showLightbox\" data-wp-on--load=\"callbacks.setButtonStyles\" data-wp-on-window--resize=\"callbacks.setButtonStyles\" data-id=\"157\" src=\"https:\/\/i0.wp.com\/taulovstation.dk\/wp-content\/uploads\/2023\/12\/1039-rita_ludvigsen_pagh_stationsmester_1973_-N73649-005.jpg?resize=1018%2C1024&#038;ssl=1\" alt=\"\" class=\"wp-image-157\" srcset=\"https:\/\/i0.wp.com\/taulovstation.dk\/wp-content\/uploads\/2023\/12\/1039-rita_ludvigsen_pagh_stationsmester_1973_-N73649-005-scaled.jpg?resize=1018%2C1024&amp;ssl=1 1018w, https:\/\/i0.wp.com\/taulovstation.dk\/wp-content\/uploads\/2023\/12\/1039-rita_ludvigsen_pagh_stationsmester_1973_-N73649-005-scaled.jpg?resize=298%2C300&amp;ssl=1 298w, https:\/\/i0.wp.com\/taulovstation.dk\/wp-content\/uploads\/2023\/12\/1039-rita_ludvigsen_pagh_stationsmester_1973_-N73649-005-scaled.jpg?resize=150%2C150&amp;ssl=1 150w, https:\/\/i0.wp.com\/taulovstation.dk\/wp-content\/uploads\/2023\/12\/1039-rita_ludvigsen_pagh_stationsmester_1973_-N73649-005-scaled.jpg?resize=768%2C772&amp;ssl=1 768w, https:\/\/i0.wp.com\/taulovstation.dk\/wp-content\/uploads\/2023\/12\/1039-rita_ludvigsen_pagh_stationsmester_1973_-N73649-005-scaled.jpg?resize=1528%2C1536&amp;ssl=1 1528w, https:\/\/i0.wp.com\/taulovstation.dk\/wp-content\/uploads\/2023\/12\/1039-rita_ludvigsen_pagh_stationsmester_1973_-N73649-005-scaled.jpg?resize=2037%2C2048&amp;ssl=1 2037w\" sizes=\"auto, (max-width: 1000px) 100vw, 1000px\" \/><button\n\t\t\tclass=\"lightbox-trigger\"\n\t\t\ttype=\"button\"\n\t\t\taria-haspopup=\"dialog\"\n\t\t\taria-label=\"Forst\u00f8r\"\n\t\t\tdata-wp-init=\"callbacks.initTriggerButton\"\n\t\t\tdata-wp-on--click=\"actions.showLightbox\"\n\t\t\tdata-wp-style--right=\"state.imageButtonRight\"\n\t\t\tdata-wp-style--top=\"state.imageButtonTop\"\n\t\t>\n\t\t\t<svg xmlns=\"http:\/\/www.w3.org\/2000\/svg\" width=\"12\" height=\"12\" fill=\"none\" viewBox=\"0 0 12 12\">\n\t\t\t\t<path fill=\"#fff\" d=\"M2 0a2 2 0 0 0-2 2v2h1.5V2a.5.5 0 0 1 .5-.5h2V0H2Zm2 10.5H2a.5.5 0 0 1-.5-.5V8H0v2a2 2 0 0 0 2 2h2v-1.5ZM8 12v-1.5h2a.5.5 0 0 0 .5-.5V8H12v2a2 2 0 0 1-2 2H8Zm2-12a2 2 0 0 1 2 2v2h-1.5V2a.5.5 0 0 0-.5-.5H8V0h2Z\" \/>\n\t\t\t<\/svg>\n\t\t<\/button><\/figure>\n<\/figure>\n\n\n\n<p class=\"has-base-color has-contrast-background-color has-text-color has-background has-link-color has-large-font-size wp-elements-8c7ecc8930de701a394fecdf7cb0b117\"><strong>Kontakt Jan Schoubo \u00a0tlf. 25 75 51 80<\/strong>             Mail: taulovstation@gmail.com<\/p>\n\n\n\n<p><\/p>\n","protected":false},"excerpt":{"rendered":"<p>Den ikoniske DSB-bygning skal have et nyt liv som kultur- og foreningshus for alle i Taulov og omegn. &#8220;Man kan kun bifalde den smukke ambition om, at Taulov Station bliver et levende hus med lys i vinduerne \u00e5ret rundt. Som huset har v\u00e6ret et knudepunkt for transport og byudvikling siden midten af 1800-tallet, binder den [&hellip;]<\/p>\n","protected":false},"author":1,"featured_media":15,"parent":0,"menu_order":0,"comment_status":"closed","ping_status":"closed","template":"","meta":{"advanced_seo_description":"","jetpack_seo_html_title":"","jetpack_seo_noindex":false,"footnotes":""},"class_list":["post-7","page","type-page","status-publish","has-post-thumbnail","hentry"],"jetpack_sharing_enabled":true,"_links":{"self":[{"href":"https:\/\/taulovstation.dk\/index.php?rest_route=\/wp\/v2\/pages\/7","targetHints":{"allow":["GET"]}}],"collection":[{"href":"https:\/\/taulovstation.dk\/index.php?rest_route=\/wp\/v2\/pages"}],"about":[{"href":"https:\/\/taulovstation.dk\/index.php?rest_route=\/wp\/v2\/types\/page"}],"author":[{"embeddable":true,"href":"https:\/\/taulovstation.dk\/index.php?rest_route=\/wp\/v2\/users\/1"}],"replies":[{"embeddable":true,"href":"https:\/\/taulovstation.dk\/index.php?rest_route=%2Fwp%2Fv2%2Fcomments&post=7"}],"version-history":[{"count":21,"href":"https:\/\/taulovstation.dk\/index.php?rest_route=\/wp\/v2\/pages\/7\/revisions"}],"predecessor-version":[{"id":207,"href":"https:\/\/taulovstation.dk\/index.php?rest_route=\/wp\/v2\/pages\/7\/revisions\/207"}],"wp:featuredmedia":[{"embeddable":true,"href":"https:\/\/taulovstation.dk\/index.php?rest_route=\/wp\/v2\/media\/15"}],"wp:attachment":[{"href":"https:\/\/taulovstation.dk\/index.php?rest_route=%2Fwp%2Fv2%2Fmedia&parent=7"}],"curies":[{"name":"wp","href":"https:\/\/api.w.org\/{rel}","templated":true}]}}