{"id":64,"date":"2023-12-15T16:46:39","date_gmt":"2023-12-15T15:46:39","guid":{"rendered":"https:\/\/taulovstation.dk\/?page_id=64"},"modified":"2023-12-18T11:07:10","modified_gmt":"2023-12-18T10:07:10","slug":"stoette","status":"publish","type":"page","link":"https:\/\/taulovstation.dk\/?page_id=64","title":{"rendered":"St\u00f8tten"},"content":{"rendered":"\n<h3 class=\"wp-block-heading\">Opbakning i tal<\/h3>\n\n\n\n<figure class=\"wp-block-table is-style-stripes\"><table class=\"has-base-background-color has-background has-border-color has-contrast-2-border-color\" style=\"border-width:1px\"><tbody><tr><td>Borgerne i Taulov (3500 ialt)<\/td><td>1550 underskrifter indsamlet ved d\u00f8r-til-d\u00f8r<br>650 medlemmer af Facebook-gruppen <br>      <a href=\"https:\/\/www.facebook.com\/groups\/nytlivtiltaulovstation\/\" data-type=\"link\" data-id=\"https:\/\/www.facebook.com\/groups\/nytlivtiltaulovstation\/\">Nyt Liv til Taulov Station<\/a><br>300 deltagere til \u00c5bent Hus<\/td><\/tr><tr><td>Firmaer og enkeltpersoner<br>i Taulov<\/td><td>Indsamling af 225.000,- til k\u00f8b af bygningen og faste udgifter de f\u00f8rste \u00e5r<br>Indsamling af 20.000,- til indretning<\/td><\/tr><tr><td>Fredericia Kommune<\/td><td>St\u00f8tte fra borgmester, byr\u00e5d og forvaltning<br>Bevilling p\u00e5 59.000,- fra kommunens byfornyelsesfond<br>R\u00e5d og vejledning<\/td><\/tr><tr><td>DSB<\/td><td>Salg af bygningen p\u00e5 favorable vilk\u00e5r<br>R\u00e5d og vejledning<\/td><\/tr><tr><td>Pressen<\/td><td>25 indslag i blade, radio og TV<\/td><\/tr><tr><td>Foreningen Taulov Stations bestyrelse<\/td><td>1500 flyers husstandsomdelt<br>60 m\u00f8der over tre \u00e5r<br>40 m\u00f8der og kontakter med andre parter<br>Over 300 personer har set stationen indvendigt<\/td><\/tr><\/tbody><\/table><\/figure>\n\n\n\n<h3 class=\"wp-block-heading\">Disse har st\u00f8ttet os:<\/h3>\n\n\n\n<ul class=\"is-style-checkmark-list has-link-color has-medium-font-size wp-block-list wp-elements-df9bc56d8a69195938d397ca65256c23\">\n<li class=\"has-medium-font-size\"><a href=\"https:\/\/www.taulovauto.dk\/\">Taulov Autov\u00e6rksted<\/a><\/li>\n\n\n\n<li class=\"has-medium-font-size\">Henning og Birgit Dyrholm<\/li>\n\n\n\n<li class=\"has-medium-font-size\"><a href=\"https:\/\/www.emabolig.dk\/\" data-type=\"link\" data-id=\"https:\/\/www.emabolig.dk\/\">Ejendomsm\u00e6gler Mike Andersen<\/a><\/li>\n\n\n\n<li class=\"has-medium-font-size\"><a href=\"http:\/\/ladegaardel.dk\/\" data-type=\"link\" data-id=\"http:\/\/ladegaardel.dk\/\">Ladegaard El<\/a><\/li>\n\n\n\n<li class=\"has-medium-font-size\"><a href=\"https:\/\/lenemoenster.dk\/\" data-type=\"link\" data-id=\"https:\/\/lenemoenster.dk\/\">Bedemand Lene M\u00f8nster<\/a><\/li>\n\n\n\n<li class=\"has-medium-font-size\">Taulovgaard<\/li>\n\n\n\n<li class=\"has-medium-font-size\"><a href=\"https:\/\/www.dintandlaege-taulov.dk\/\" data-type=\"link\" data-id=\"https:\/\/www.dintandlaege-taulov.dk\/\">dinTANDL\u00c6GE Taulov<\/a><\/li>\n\n\n\n<li class=\"has-medium-font-size\">KJ Tagmontage<\/li>\n\n\n\n<li class=\"has-medium-font-size\"><a href=\"https:\/\/www.sinsin.dk\/\" data-type=\"link\" data-id=\"https:\/\/www.sinsin.dk\/\">Sinsin Transport<\/a><\/li>\n\n\n\n<li class=\"has-medium-font-size\">B\u00f8rge Pedersen<\/li>\n\n\n\n<li class=\"has-medium-font-size\">Optimal Bilpleje<\/li>\n\n\n\n<li class=\"has-medium-font-size\"><a href=\"https:\/\/www.facebook.com\/blomsterspiren\/\" data-type=\"link\" data-id=\"https:\/\/www.facebook.com\/blomsterspiren\/\">Blomsterspiren<\/a><\/li>\n\n\n\n<li class=\"has-medium-font-size\"><a href=\"https:\/\/www.krybily.dk\/\" data-type=\"link\" data-id=\"https:\/\/www.krybily.dk\/\">Hotel Kryb i Ly Kro<\/a><\/li>\n\n\n\n<li class=\"has-medium-font-size\"><a href=\"https:\/\/www.henneberg-kloak.dk\/\" data-type=\"link\" data-id=\"https:\/\/www.henneberg-kloak.dk\/\">Aut. Kloakmester Henneberg<\/a><\/li>\n\n\n\n<li><a href=\"https:\/\/www.deberventilation.dk\/\" data-type=\"link\" data-id=\"https:\/\/www.deberventilation.dk\/\">Deber Ventilation<\/a><\/li>\n\n\n\n<li><a href=\"https:\/\/www.eventc.dk\/\" data-type=\"link\" data-id=\"https:\/\/www.eventc.dk\/\">Event C<\/a><\/li>\n\n\n\n<li>Mekanisk Matematik-Museum<\/li>\n\n\n\n<li>Factum Regnskab og Bogholderi Taulov<\/li>\n<\/ul>\n","protected":false},"excerpt":{"rendered":"<p>Opbakning i tal Borgerne i Taulov (3500 ialt) 1550 underskrifter indsamlet ved d\u00f8r-til-d\u00f8r650 medlemmer af Facebook-gruppen Nyt Liv til Taulov Station300 deltagere til \u00c5bent Hus Firmaer og enkeltpersoneri Taulov Indsamling af 225.000,- til k\u00f8b af bygningen og faste udgifter de f\u00f8rste \u00e5rIndsamling af 20.000,- til indretning Fredericia Kommune St\u00f8tte fra borgmester, byr\u00e5d og forvaltningBevilling p\u00e5 [&hellip;]<\/p>\n","protected":false},"author":3,"featured_media":0,"parent":0,"menu_order":0,"comment_status":"closed","ping_status":"closed","template":"","meta":{"advanced_seo_description":"","jetpack_seo_html_title":"","jetpack_seo_noindex":false,"footnotes":""},"class_list":["post-64","page","type-page","status-publish","hentry"],"jetpack_sharing_enabled":true,"_links":{"self":[{"href":"https:\/\/taulovstation.dk\/index.php?rest_route=\/wp\/v2\/pages\/64","targetHints":{"allow":["GET"]}}],"collection":[{"href":"https:\/\/taulovstation.dk\/index.php?rest_route=\/wp\/v2\/pages"}],"about":[{"href":"https:\/\/taulovstation.dk\/index.php?rest_route=\/wp\/v2\/types\/page"}],"author":[{"embeddable":true,"href":"https:\/\/taulovstation.dk\/index.php?rest_route=\/wp\/v2\/users\/3"}],"replies":[{"embeddable":true,"href":"https:\/\/taulovstation.dk\/index.php?rest_route=%2Fwp%2Fv2%2Fcomments&post=64"}],"version-history":[{"count":10,"href":"https:\/\/taulovstation.dk\/index.php?rest_route=\/wp\/v2\/pages\/64\/revisions"}],"predecessor-version":[{"id":173,"href":"https:\/\/taulovstation.dk\/index.php?rest_route=\/wp\/v2\/pages\/64\/revisions\/173"}],"wp:attachment":[{"href":"https:\/\/taulovstation.dk\/index.php?rest_route=%2Fwp%2Fv2%2Fmedia&parent=64"}],"curies":[{"name":"wp","href":"https:\/\/api.w.org\/{rel}","templated":true}]}}