{"id":40,"date":"2023-12-15T15:01:52","date_gmt":"2023-12-15T14:01:52","guid":{"rendered":"https:\/\/taulovstation.dk\/?page_id=40"},"modified":"2025-03-27T10:21:00","modified_gmt":"2025-03-27T09:21:00","slug":"visionen","status":"publish","type":"page","link":"https:\/\/taulovstation.dk\/?page_id=40","title":{"rendered":"Visionen"},"content":{"rendered":"\n<div class=\"wp-block-group alignfull has-base-color has-contrast-background-color has-text-color has-background has-link-color wp-elements-c1c3b7137a1898131785d8c560b2fc25 has-global-padding is-layout-constrained wp-container-core-group-is-layout-669513ed wp-block-group-is-layout-constrained\" style=\"margin-top:0;margin-bottom:0;padding-top:var(--wp--preset--spacing--50);padding-right:var(--wp--preset--spacing--50);padding-bottom:var(--wp--preset--spacing--50);padding-left:var(--wp--preset--spacing--50)\">\n<div class=\"wp-block-columns alignwide is-layout-flex wp-container-core-columns-is-layout-1da03c2a wp-block-columns-is-layout-flex\">\n<div class=\"wp-block-column is-vertically-aligned-stretch is-layout-flow wp-block-column-is-layout-flow\" style=\"flex-basis:50%\">\n<div class=\"wp-block-group is-vertical is-content-justification-stretch is-layout-flex wp-container-core-group-is-layout-444d5ee8 wp-block-group-is-layout-flex\" style=\"min-height:100%\">\n<p>Med sin unikke arkitektur og beliggenhed, i hjertet af Taulov Stationsby, er det oplagt at benytte den bevaringsv\u00e6rdige bygning som samlingspunkt for alle typer af f\u00e6llesskabsaktiviteter i Fredericia Kommunes n\u00e6stst\u00f8rste by. <\/p>\n\n\n\n<p>Her kan skabes hyggelige omgivelser for borgere, klubber og foreninger, for kommunen og for \u00e5bne arrangementer \u2013 alt fra quizaftener til skaktur<br>neringer, fra foredrag til m\u00f8dregrupper, fra modeshow til produktmesser, fra lokale sundhedstjenester til sang aftener. Kun fantasien s\u00e6tter gr\u00e6nserne.<\/p>\n\n\n\n<p>Stationen ligger i meget kort afstand til andre sev\u00e6rdigheder, s\u00e5som Taulov Folkeskov og Elbodalen, spillestedet Taulovgaard, cykelturen \u00d8sters\u00f8ruten og verdens eneste Mekanisk Matematik-Museum.<\/p>\n<\/div>\n<\/div>\n\n\n\n<div class=\"wp-block-column is-vertically-aligned-center is-layout-flow wp-block-column-is-layout-flow\" style=\"flex-basis:50%\">\n<div class=\"wp-block-media-text is-stacked-on-mobile is-style-rounded\" style=\"grid-template-columns:85% auto\"><figure class=\"wp-block-media-text__media\"><img data-recalc-dims=\"1\" loading=\"lazy\" decoding=\"async\" width=\"942\" height=\"627\" src=\"https:\/\/i0.wp.com\/taulovstation.dk\/wp-content\/uploads\/2023\/12\/Gaarden-1-1.png?resize=942%2C627&#038;ssl=1\" alt=\"\" class=\"wp-image-126 size-full\" srcset=\"https:\/\/i0.wp.com\/taulovstation.dk\/wp-content\/uploads\/2023\/12\/Gaarden-1-1.png?w=942&amp;ssl=1 942w, https:\/\/i0.wp.com\/taulovstation.dk\/wp-content\/uploads\/2023\/12\/Gaarden-1-1.png?resize=300%2C200&amp;ssl=1 300w, https:\/\/i0.wp.com\/taulovstation.dk\/wp-content\/uploads\/2023\/12\/Gaarden-1-1.png?resize=768%2C511&amp;ssl=1 768w\" sizes=\"auto, (max-width: 942px) 100vw, 942px\" \/><\/figure><div class=\"wp-block-media-text__content\">\n<p><\/p>\n<\/div><\/div>\n<\/div>\n<\/div>\n<\/div>\n\n\n\n<div class=\"wp-block-group alignfull has-base-color has-contrast-2-background-color has-text-color has-background has-link-color wp-elements-0c8c64925e0253cfac490233c9a8957a has-global-padding is-layout-constrained wp-container-core-group-is-layout-d89aad35 wp-block-group-is-layout-constrained\" style=\"margin-top:0;margin-bottom:0;padding-top:var(--wp--preset--spacing--50);padding-right:var(--wp--preset--spacing--50);padding-bottom:var(--wp--preset--spacing--50);padding-left:var(--wp--preset--spacing--50)\">\n<div class=\"wp-block-columns alignwide is-layout-flex wp-container-core-columns-is-layout-549b0c86 wp-block-columns-is-layout-flex\">\n<div class=\"wp-block-column has-global-padding is-content-justification-left is-layout-constrained wp-container-core-column-is-layout-4f15e8fe wp-block-column-is-layout-constrained\" style=\"flex-basis:40%\">\n<div class=\"wp-block-media-text alignfull is-stacked-on-mobile\" style=\"grid-template-columns:85% auto\"><figure class=\"wp-block-media-text__media\"><img data-recalc-dims=\"1\" loading=\"lazy\" decoding=\"async\" width=\"933\" height=\"623\" src=\"https:\/\/i0.wp.com\/taulovstation.dk\/wp-content\/uploads\/2023\/12\/Interioer.png?resize=933%2C623&#038;ssl=1\" alt=\"\" class=\"wp-image-47 size-full\" srcset=\"https:\/\/i0.wp.com\/taulovstation.dk\/wp-content\/uploads\/2023\/12\/Interioer.png?w=933&amp;ssl=1 933w, https:\/\/i0.wp.com\/taulovstation.dk\/wp-content\/uploads\/2023\/12\/Interioer.png?resize=300%2C200&amp;ssl=1 300w, https:\/\/i0.wp.com\/taulovstation.dk\/wp-content\/uploads\/2023\/12\/Interioer.png?resize=768%2C513&amp;ssl=1 768w\" sizes=\"auto, (max-width: 933px) 100vw, 933px\" \/><\/figure><div class=\"wp-block-media-text__content\">\n<p><\/p>\n<\/div><\/div>\n<\/div>\n\n\n\n<div class=\"wp-block-column is-layout-flow wp-container-core-column-is-layout-119bc444 wp-block-column-is-layout-flow\" style=\"flex-basis:60%\">\n<p class=\"has-heading-font-family has-x-large-font-size\" style=\"line-height:1.2\">Hvad kan vi f\u00e5 ud af det?<\/p>\n\n\n\n<div class=\"wp-block-columns is-layout-flex wp-container-core-columns-is-layout-87beb0d0 wp-block-columns-is-layout-flex\">\n<div class=\"wp-block-column is-layout-flow wp-block-column-is-layout-flow\">\n<p>Vi \u00f8nsker at skabe et kultur- og foreningshus, der kan muligg\u00f8re flere f\u00e6llesskaber i Taulov og underst\u00f8tte \u201cdet gode liv\u201d; g\u00f8re Taulov til et attraktivt sted at bo.<\/p>\n\n\n\n<p>P\u00e5 stationen kan aktiviteter hj\u00e6lpe med at bek\u00e6mpe ensomhed og knytte kontakter for personer i alle aldre \u2013 m\u00f8dregrupper, modelbyggedage, rasteplads for cyklister, LAN-parties, foredrag, quizaftener, matin\u00e9er, klubaftener, h\u00e5ndarbejde, fredagscaf\u00e9er, sangaftener, skakturneringer, IT-kurser, jazzfestivaler, modeshows, produktpr\u00e6sentationer, sundhedsr\u00e5dgivning, butik eller markedsdage med lokale produkter, julestuer, yogatr\u00e6ning, square dance, loppemarkeder \u2013 ideerne er talrige.<\/p>\n\n\n\n<p>Stedet kan benyttes af klubber og foreninger, til \u00e5bne s\u00e5vel som lukkede arrangementer, af lokale producenter og andre firmaer, af dem der vil opleve naturen, af kommunen og mange andre.<\/p>\n<\/div>\n<\/div>\n<\/div>\n<\/div>\n<\/div>\n\n\n\n<h2 class=\"wp-block-heading has-text-align-left\">\u201cTiny station house\u201d<\/h2>\n\n\n\n<figure class=\"wp-block-image\"><img data-recalc-dims=\"1\" loading=\"lazy\" decoding=\"async\" width=\"1045\" height=\"330\" src=\"https:\/\/i0.wp.com\/taulovstation.dk\/wp-content\/uploads\/2023\/12\/Stueplan.png?resize=1045%2C330&#038;ssl=1\" alt=\"\" class=\"wp-image-48\" srcset=\"https:\/\/i0.wp.com\/taulovstation.dk\/wp-content\/uploads\/2023\/12\/Stueplan.png?w=1045&amp;ssl=1 1045w, https:\/\/i0.wp.com\/taulovstation.dk\/wp-content\/uploads\/2023\/12\/Stueplan.png?resize=300%2C95&amp;ssl=1 300w, https:\/\/i0.wp.com\/taulovstation.dk\/wp-content\/uploads\/2023\/12\/Stueplan.png?resize=1024%2C323&amp;ssl=1 1024w, https:\/\/i0.wp.com\/taulovstation.dk\/wp-content\/uploads\/2023\/12\/Stueplan.png?resize=768%2C243&amp;ssl=1 768w\" sizes=\"auto, (max-width: 1000px) 100vw, 1000px\" \/><\/figure>\n\n\n\n<p>Taulov Stations fysiske ramme er begr\u00e6nset af bygningens beliggenhed og de manglende muligheder for udvidelse, og er derved begr\u00e6nset i forhold til andre kultur- og foreningshuse. <\/p>\n\n\n\n<p>Det handler derfor om at f\u00e5 alle vigtige funktioner i et kommende kultur- og foreningshus samlet p\u00e5 mindre plads, mens det overfl\u00f8dige sk\u00e6res fra. Det bliver et hus, hvor hver kvadratmeter udnyttes til fulde med praktiske og funktionelle l\u00f8sninger.<\/p>\n\n\n\n<p>Vi er inspireret af \u201ctiny houses\u201d og tror, at vi gennem nye bygnings- og indretningsl\u00f8sninger kan rumme mange aktiviteter samt opfylde foreningers og andre brugeres behov gennem en fleksibel og hurtig omstilling mellem de forskellige anvendelser af huset.<\/p>\n\n\n\n<p>Med de rigtige r\u00e5dgivere vil ombygning og indretning af Taulov Station blive et eksempelprojekt for andre, der \u00f8nsker at skabe fysiske f\u00e6llesskaber p\u00e5 begr\u00e6nset fysisk plads. P\u00e5 andre punkter er placeringen ideel \u2013 DSB og Sydtrafik holder lige ved d\u00f8ren, og der er gratis parkering t\u00e6t p\u00e5.<\/p>\n\n\n\n<h2 class=\"wp-block-heading has-base-color has-contrast-background-color has-text-color has-background has-link-color has-xx-large-font-size wp-elements-6b40db15dea6ecd43f6a2a117ab978a2\">Hvad er planen?                   <\/h2>\n\n\n\n<p><\/p>\n\n\n\n<p class=\"has-base-color has-contrast-background-color has-text-color has-background has-link-color wp-elements-3065da0883c84ae309687f54263bd446\">Vi udarbejder et konkret b\u00e6redygtigt projekt og byggeprogram baseret p\u00e5 vores vision.                       Vi planl\u00e6gger at lave arbejdsdage for frivillige til de opgaver, hvor det giver mening. Det vil dels v\u00e6re med til at udbygge og fastholde sammenholdet i byen, og dels spare penge. Til opgaver, der kr\u00e6ver s\u00e6rlig ekspertise og ansvar, vil vi selvf\u00f8lgelig hyre professionelle firmaer, gerne lokale.<\/p>\n\n\n\n<p class=\"has-base-color has-contrast-2-background-color has-text-color has-background has-link-color wp-elements-d8dc3c2ef7def9744ca74033d643b7fa\"><br>Den 5. februar 2025 har vi p\u00e5 bestyrelsesm\u00f8det vedtaget Dispositionsplanen for Taulov Station.<br>Det har v\u00e6ret en lang rejse, fra de f\u00f8rste l\u00f8se ideer i 2020, over skitseprojektet fra Tegnestuen Mejeriet og, via utallige ideer til en gennemarbejdning med Tegnestuen Stedse, som udarbejdede hele seks forslag f\u00f8r vi landede en endelig plan. En plan, der er et kompromis mellem \u00f8nsker, muligheder og (brand-)regulativer <br>Tusind tak til alle, der bidrog med ideer og diskussioner og hjalp os med at blive konkrete og pr\u00e6cise!<br>Dispositionsplanen indeholder selvf\u00f8lgelig ikke alle detaljer, men fastl\u00e6gger de enkelte rum og hvor skillev\u00e6gge, d\u00f8re, vinduer, trappe osv. skal v\u00e6re, og udg\u00f8r basis for myndighedsgodkendelsen hos Fredericia Kommune. Materialevalg er kun l\u00f8st skitseret, det kommer i n\u00e6ste fase, n\u00e5r vi har godkendelsen<br>fra kommunen i hus i l\u00f8bet af for\u00e5ret. Godkendelsen regner vi ikke med kr\u00e6ver n\u00e6vnev\u00e6rdige \u00e6ndringer, da kommunen har v\u00e6ret med undervejs.<br>I stueetagen er det store gennembrud, at Stedse foreslog at \u201cvende\u201d huset indvendigt &#8211; alts\u00e5 lave salen ned<br>mod haven &#8211; mod \u00f8st &#8211; og s\u00e5 placere k\u00f8kken og toiletter mod vest! Det kr\u00e6ver, at vi flytter hovedd\u00f8ren til<br>under kvisten, hvor den faktisk er p\u00e5 nogle af de helt oprindelige tegninger fra DSB.<br>Salen bliver s\u00e5 p\u00e5 77,8 m2, hvilket giver plads til ca. 75 g\u00e6ster ved borde eller ca. 100 p\u00e5 stoler\u00e6kker.<br>Samtidig betyder placeringen af salen, at vi kan fjerne gulvet ovenp\u00e5 og g\u00e5 til kip i hele salen &#8211; det gav<br>mindre mening hvis salen l\u00e5 mod vest, da et af fagene over den s\u00e5 ville v\u00e6re kvisten.<br>K\u00f8kkenet f\u00e5r en p\u00e6n st\u00f8rrelse p\u00e5 18,1 m2 og god plads til det nok vigtigste apparat &#8211; den professionelle opvaskemaskine. Det bliver et anretterk\u00f8kken, hvor man kan modtage mad udefra til st\u00f8rre arrangementer, men ogs\u00e5 lave mad til mindre grupper p\u00e5 10-15 personer. Madklub, m\u00e5ske?<br>Den gamle ventev\u00e6relsesd\u00f8r bytter vi &#8211; som oprindeligt planlagt &#8211; med et nuv\u00e6rende vindue mod vejen, s\u00e5 vi f\u00f8lger egne og DSBs \u00f8nske om ikke at have udgang mod perronen. Lysningen mod vest f\u00e5r m\u00e5ske et<br>vindue. Der bliver to toiletter, det ene handicapvenligt, og der kommer i \u00f8vrigt en rampe til k\u00f8restolsadgang ved hovedindgangen. Rummet i midten er delt i to af brandhensyn. Trappen, der p\u00e5 grund af brandreglerne er flyttet meget rundt undervejs i processen, bliver med et mindre depot nedenunder.<br>Det viste sig hurtigt, at f\u00f8rste salen aldrig ville kunne godkendes til f.eks. sm\u00e5kontorer, som vi oprindeligt havde t\u00e6nkt. Godt nok har stationsforstandernes familier boet der i over hundrede \u00e5r, men de har ikke v\u00e6ret klar over, hvilken fare de sv\u00e6vede i.<br>Derfor bliver rummene erstattet af kig til kip i den ene halvdel af huset, over salen. I den anden halvdel bliver der dels en depot- og teknik-rum mod vest, dels et p\u00e6nt stort, \u00e5bent rum. Det vil ligge b\u00e5de under skr\u00e5v\u00e6gge og i kvisten, med r\u00e6kv\u00e6rk ned til salen. Vi t\u00e6nker det kan bruges som supplerende areal i forbindelse med st\u00f8rre arrangementer, en hyggekrog hvor man kan slappe af efter konfirmationstalerne<br>eller lave backstage for skuespillerne. Og hvis det ikke ligefrem er frim\u00e6rkesamlere og s\u00e6kkepibemusikere kan der m\u00e5ske v\u00e6re to sidel\u00f8bende arrangementer p\u00e5 de to etager? Vi har mange flere plan- og 3D-tegninger, der bliver samlet i en endelig pr\u00e6sentation, og vi offentligg\u00f8r dem efterh\u00e5nden som de dukker op. Kig i Google Drive og se selv, eller kontakt os og f\u00e5 en personlig gennemgang, suppleret med en tur over p\u00e5 stationen, hvor de frivilliges arbejde virkelig tager form i disse<br>dage.<br>Og husk, at det ikke er for sent at melde sig til en time eller en dag i hyggeligt selskab &#8211; jeg kan af personlig erfaring fort\u00e6lle, at det er en fremragende m\u00e5de at l\u00e6re nye mennesker at kende. S\u00e5 bor du ved siden af en tilflytter, der ikke kender folk i byen, s\u00e5 tag dem med p\u00e5 stationen n\u00e6ste gang der er arbejdsdag.<br>Og sidst, men ikke mindst &#8211; husk at k\u00f8be en eller flere Folkeaktier! G\u00e5 gerne sammen med naboen?<br>Med venlig hilsen<br>Foreningen Taulov Station<br>Jan Schoubo, fmd.<br>25755180<br>taulovstation@gmail.com<\/p>\n\n\n\n<p><\/p>\n","protected":false},"excerpt":{"rendered":"<p>Med sin unikke arkitektur og beliggenhed, i hjertet af Taulov Stationsby, er det oplagt at benytte den bevaringsv\u00e6rdige bygning som samlingspunkt for alle typer af f\u00e6llesskabsaktiviteter i Fredericia Kommunes n\u00e6stst\u00f8rste by. Her kan skabes hyggelige omgivelser for borgere, klubber og foreninger, for kommunen og for \u00e5bne arrangementer \u2013 alt fra quizaftener til skakturneringer, fra foredrag [&hellip;]<\/p>\n","protected":false},"author":3,"featured_media":0,"parent":0,"menu_order":1,"comment_status":"closed","ping_status":"closed","template":"","meta":{"advanced_seo_description":"","jetpack_seo_html_title":"","jetpack_seo_noindex":false,"footnotes":""},"class_list":["post-40","page","type-page","status-publish","hentry"],"jetpack_sharing_enabled":true,"_links":{"self":[{"href":"https:\/\/taulovstation.dk\/index.php?rest_route=\/wp\/v2\/pages\/40","targetHints":{"allow":["GET"]}}],"collection":[{"href":"https:\/\/taulovstation.dk\/index.php?rest_route=\/wp\/v2\/pages"}],"about":[{"href":"https:\/\/taulovstation.dk\/index.php?rest_route=\/wp\/v2\/types\/page"}],"author":[{"embeddable":true,"href":"https:\/\/taulovstation.dk\/index.php?rest_route=\/wp\/v2\/users\/3"}],"replies":[{"embeddable":true,"href":"https:\/\/taulovstation.dk\/index.php?rest_route=%2Fwp%2Fv2%2Fcomments&post=40"}],"version-history":[{"count":16,"href":"https:\/\/taulovstation.dk\/index.php?rest_route=\/wp\/v2\/pages\/40\/revisions"}],"predecessor-version":[{"id":212,"href":"https:\/\/taulovstation.dk\/index.php?rest_route=\/wp\/v2\/pages\/40\/revisions\/212"}],"wp:attachment":[{"href":"https:\/\/taulovstation.dk\/index.php?rest_route=%2Fwp%2Fv2%2Fmedia&parent=40"}],"curies":[{"name":"wp","href":"https:\/\/api.w.org\/{rel}","templated":true}]}}